{"id":841,"date":"2024-05-02T02:30:02","date_gmt":"2024-05-02T06:30:02","guid":{"rendered":"https:\/\/torkaxles.com\/?page_id=841"},"modified":"2024-05-28T16:29:51","modified_gmt":"2024-05-28T20:29:51","slug":"58-62-hrc-steel","status":"publish","type":"page","link":"http:\/\/torkaxles.com\/fr\/58-62-hrc-steel\/","title":{"rendered":"Acier 58-62 HRC"},"content":{"rendered":"<div data-elementor-type=\"wp-page\" data-elementor-id=\"841\" class=\"elementor elementor-841\">\n\t\t\t\t<div class=\"elementor-element elementor-element-a24cded e-flex e-con-boxed e-con e-parent\" data-id=\"a24cded\" data-element_type=\"container\" data-e-type=\"container\" data-settings=\"{&quot;background_background&quot;:&quot;classic&quot;}\">\n\t\t\t\t\t<div class=\"e-con-inner\">\n\t\t\t\t\t<\/div>\n\t\t\t\t<\/div>\n\t\t<div class=\"elementor-element elementor-element-db9d025 e-flex e-con-boxed e-con e-parent\" data-id=\"db9d025\" data-element_type=\"container\" data-e-type=\"container\" data-settings=\"{&quot;background_background&quot;:&quot;gradient&quot;}\">\n\t\t\t\t\t<div class=\"e-con-inner\">\n\t\t<div class=\"elementor-element elementor-element-8144740 e-con-full e-flex e-con e-child\" data-id=\"8144740\" data-element_type=\"container\" data-e-type=\"container\">\n\t\t\t\t<div class=\"elementor-element elementor-element-8a2d35a elementor-widget elementor-widget-heading\" data-id=\"8a2d35a\" data-element_type=\"widget\" data-e-type=\"widget\" data-widget_type=\"heading.default\">\n\t\t\t\t<div class=\"elementor-widget-container\">\n\t\t\t\t\t<h2 class=\"elementor-heading-title elementor-size-default\">Acier 58-62 HRC<\/h2>\t\t\t\t<\/div>\n\t\t\t\t<\/div>\n\t\t\t\t<div class=\"elementor-element elementor-element-fddf1fe elementor-widget elementor-widget-heading\" data-id=\"fddf1fe\" data-element_type=\"widget\" data-e-type=\"widget\" data-widget_type=\"heading.default\">\n\t\t\t\t<div class=\"elementor-widget-container\">\n\t\t\t\t\t<h5 class=\"elementor-heading-title elementor-size-default\">Duret\u00e9 Rockwell test\u00e9e \u00e0 58-62 HRC<\/h5>\t\t\t\t<\/div>\n\t\t\t\t<\/div>\n\t\t\t\t<div class=\"elementor-element elementor-element-a199e5a elementor-widget elementor-widget-text-editor\" data-id=\"a199e5a\" data-element_type=\"widget\" data-e-type=\"widget\" data-widget_type=\"text-editor.default\">\n\t\t\t\t<div class=\"elementor-widget-container\">\n\t\t\t\t\t\t\t\t\t<p>L'acier r\u00e9sistant 58-62 HRC est un acier dont la duret\u00e9 Rockwell est comprise entre 58 et 62, ce qui le rend incroyablement dur et durable. Ce type d'acier est couramment utilis\u00e9 dans les pi\u00e8ces automobiles lourdes en raison de sa grande r\u00e9sistance \u00e0 l'usure et \u00e0 l'abrasion, de sa t\u00e9nacit\u00e9 et de sa capacit\u00e9 \u00e0 supporter des charges d'impact \u00e9lev\u00e9es.<\/p><p>Les avantages de l'utilisation de l'acier r\u00e9sistant 58-62 HRC dans nos essieux Premium comprennent une long\u00e9vit\u00e9 accrue, une r\u00e9duction des co\u00fbts de maintenance et de remplacement, une am\u00e9lioration des performances et une s\u00e9curit\u00e9 accrue gr\u00e2ce \u00e0 sa capacit\u00e9 \u00e0 r\u00e9sister \u00e0 des conditions difficiles et \u00e0 une utilisation extr\u00eame.<\/p>\t\t\t\t\t\t\t\t<\/div>\n\t\t\t\t<\/div>\n\t\t\t\t<div class=\"elementor-element elementor-element-5ba28dd elementor-widget elementor-widget-heading\" data-id=\"5ba28dd\" data-element_type=\"widget\" data-e-type=\"widget\" data-widget_type=\"heading.default\">\n\t\t\t\t<div class=\"elementor-widget-container\">\n\t\t\t\t\t<h5 class=\"elementor-heading-title elementor-size-default\">Qu'est-ce que la duret\u00e9 Rockwell ?<\/h5>\t\t\t\t<\/div>\n\t\t\t\t<\/div>\n\t\t\t\t<div class=\"elementor-element elementor-element-835d1de elementor-widget elementor-widget-text-editor\" data-id=\"835d1de\" data-element_type=\"widget\" data-e-type=\"widget\" data-widget_type=\"text-editor.default\">\n\t\t\t\t<div class=\"elementor-widget-container\">\n\t\t\t\t\t\t\t\t\t<p>La duret\u00e9 Rockwell est une mesure de la r\u00e9sistance d'un mat\u00e9riau \u00e0 la d\u00e9formation ou \u00e0 la p\u00e9n\u00e9tration. Elle est d\u00e9termin\u00e9e en appliquant une force sp\u00e9cifique \u00e0 un p\u00e9n\u00e9trateur et en mesurant la profondeur de l'empreinte laiss\u00e9e \u00e0 la surface du mat\u00e9riau.<\/p><p>L'\u00e9chelle de Rockwell va de A \u00e0 H, les chiffres les plus \u00e9lev\u00e9s indiquant une plus grande duret\u00e9. Cette mesure est couramment utilis\u00e9e pour tester les m\u00e9taux et d'autres mat\u00e9riaux afin de d\u00e9terminer s'ils conviennent \u00e0 diverses applications.<\/p>\t\t\t\t\t\t\t\t<\/div>\n\t\t\t\t<\/div>\n\t\t\t\t<\/div>\n\t\t<div class=\"elementor-element elementor-element-b59a1c4 e-con-full e-flex e-con e-child\" data-id=\"b59a1c4\" data-element_type=\"container\" data-e-type=\"container\">\n\t\t<div class=\"elementor-element elementor-element-1baa526 e-con-full e-flex e-con e-child\" data-id=\"1baa526\" data-element_type=\"container\" data-e-type=\"container\">\n\t\t\t\t<div class=\"elementor-element elementor-element-70cbb7c elementor-widget__width-auto elementor-widget elementor-widget-image\" data-id=\"70cbb7c\" data-element_type=\"widget\" data-e-type=\"widget\" data-widget_type=\"image.default\">\n\t\t\t\t<div class=\"elementor-widget-container\">\n\t\t\t\t\t\t\t\t\t\t\t\t\t\t\t<img fetchpriority=\"high\" decoding=\"async\" width=\"441\" height=\"934\" src=\"https:\/\/torkaxles.com\/wp-content\/uploads\/2024\/05\/taxles_logo_ltbg_side_441x934.png\" class=\"attachment-full size-full wp-image-1179\" alt=\"\" srcset=\"https:\/\/torkaxles.com\/wp-content\/uploads\/2024\/05\/taxles_logo_ltbg_side_441x934.png 441w, https:\/\/torkaxles.com\/wp-content\/uploads\/2024\/05\/taxles_logo_ltbg_side_441x934-142x300.png 142w, https:\/\/torkaxles.com\/wp-content\/uploads\/2024\/05\/taxles_logo_ltbg_side_441x934-6x12.png 6w\" sizes=\"(max-width: 441px) 100vw, 441px\" \/>\t\t\t\t\t\t\t\t\t\t\t\t\t\t\t<\/div>\n\t\t\t\t<\/div>\n\t\t\t\t<\/div>\n\t\t<div class=\"elementor-element elementor-element-72706a3 e-con-full e-flex e-con e-child\" data-id=\"72706a3\" data-element_type=\"container\" data-e-type=\"container\">\n\t\t\t\t<div class=\"elementor-element elementor-element-bbd43f7 elementor-widget elementor-widget-menu-anchor\" data-id=\"bbd43f7\" data-element_type=\"widget\" data-e-type=\"widget\" data-widget_type=\"menu-anchor.default\">\n\t\t\t\t<div class=\"elementor-widget-container\">\n\t\t\t\t\t\t\t<div class=\"elementor-menu-anchor\" id=\"About\"><\/div>\n\t\t\t\t\t\t<\/div>\n\t\t\t\t<\/div>\n\t\t\t\t<div class=\"elementor-element elementor-element-993cc0a elementor-widget__width-auto elementor-widget elementor-widget-image\" data-id=\"993cc0a\" data-element_type=\"widget\" data-e-type=\"widget\" data-widget_type=\"image.default\">\n\t\t\t\t<div class=\"elementor-widget-container\">\n\t\t\t\t\t\t\t\t\t\t\t\t\t\t\t<img decoding=\"async\" width=\"1000\" height=\"2000\" src=\"https:\/\/torkaxles.com\/wp-content\/uploads\/2024\/05\/taxle_rht_fr.png\" class=\"attachment-full size-full wp-image-1122\" alt=\"\" srcset=\"https:\/\/torkaxles.com\/wp-content\/uploads\/2024\/05\/taxle_rht_fr.png 1000w, https:\/\/torkaxles.com\/wp-content\/uploads\/2024\/05\/taxle_rht_fr-150x300.png 150w, https:\/\/torkaxles.com\/wp-content\/uploads\/2024\/05\/taxle_rht_fr-512x1024.png 512w, https:\/\/torkaxles.com\/wp-content\/uploads\/2024\/05\/taxle_rht_fr-768x1536.png 768w, https:\/\/torkaxles.com\/wp-content\/uploads\/2024\/05\/taxle_rht_fr-6x12.png 6w\" sizes=\"(max-width: 1000px) 100vw, 1000px\" \/>\t\t\t\t\t\t\t\t\t\t\t\t\t\t\t<\/div>\n\t\t\t\t<\/div>\n\t\t\t\t<\/div>\n\t\t\t\t<\/div>\n\t\t\t\t\t<\/div>\n\t\t\t\t<\/div>\n\t\t<div class=\"elementor-element elementor-element-91262cc e-flex e-con-boxed e-con e-parent\" data-id=\"91262cc\" data-element_type=\"container\" data-e-type=\"container\" data-settings=\"{&quot;background_background&quot;:&quot;classic&quot;}\">\n\t\t\t\t\t<div class=\"e-con-inner\">\n\t\t<div class=\"elementor-element elementor-element-d1403db e-con-full e-flex e-con e-child\" data-id=\"d1403db\" data-element_type=\"container\" data-e-type=\"container\">\n\t\t<div class=\"elementor-element elementor-element-eb0b187 e-con-full e-flex e-con e-child\" data-id=\"eb0b187\" data-element_type=\"container\" data-e-type=\"container\">\n\t\t<div class=\"elementor-element elementor-element-8df1a12 e-con-full e-flex e-con e-child\" data-id=\"8df1a12\" data-element_type=\"container\" data-e-type=\"container\">\n\t\t\t\t<div class=\"elementor-element elementor-element-9d46e7f elementor-widget elementor-widget-heading\" data-id=\"9d46e7f\" data-element_type=\"widget\" data-e-type=\"widget\" data-widget_type=\"heading.default\">\n\t\t\t\t<div class=\"elementor-widget-container\">\n\t\t\t\t\t<h3 class=\"elementor-heading-title elementor-size-default\">Nos essieux CV sont fabriqu\u00e9s \u00e0 partir de mat\u00e9riaux 100% neufs, et non reconditionn\u00e9s.<\/h3>\t\t\t\t<\/div>\n\t\t\t\t<\/div>\n\t\t\t\t<div class=\"elementor-element elementor-element-25c29dc elementor-widget elementor-widget-text-editor\" data-id=\"25c29dc\" data-element_type=\"widget\" data-e-type=\"widget\" data-widget_type=\"text-editor.default\">\n\t\t\t\t<div class=\"elementor-widget-container\">\n\t\t\t\t\t\t\t\t\t<p>Vous avez ainsi l'avantage de ne pas avoir \u00e0 renvoyer le core avec les frais qui y sont associ\u00e9s, de ne pas avoir \u00e0 tenir de comptabilit\u00e9 et de ne pas avoir \u00e0 surveiller le cr\u00e9dit.<\/p>\t\t\t\t\t\t\t\t<\/div>\n\t\t\t\t<\/div>\n\t\t\t\t<div class=\"elementor-element elementor-element-198ab3f elementor-widget elementor-widget-heading\" data-id=\"198ab3f\" data-element_type=\"widget\" data-e-type=\"widget\" data-widget_type=\"heading.default\">\n\t\t\t\t<div class=\"elementor-widget-container\">\n\t\t\t\t\t<h3 class=\"elementor-heading-title elementor-size-default\">Available for Domestic &amp; Imported Cars, Trucks, SUV's and EV's.<\/h3>\t\t\t\t<\/div>\n\t\t\t\t<\/div>\n\t\t\t\t<\/div>\n\t\t<div class=\"elementor-element elementor-element-7abc58d e-con-full e-flex e-con e-child\" data-id=\"7abc58d\" data-element_type=\"container\" data-e-type=\"container\">\n\t\t\t\t<div class=\"elementor-element elementor-element-dec54c7 elementor-widget elementor-widget-heading\" data-id=\"dec54c7\" data-element_type=\"widget\" data-e-type=\"widget\" data-widget_type=\"heading.default\">\n\t\t\t\t<div class=\"elementor-widget-container\">\n\t\t\t\t\t<h5 class=\"elementor-heading-title elementor-size-default\"> Qu'est-ce qu'un essieu CV et quel est son co\u00fbt de remplacement ?<\/h5>\t\t\t\t<\/div>\n\t\t\t\t<\/div>\n\t\t\t\t<div class=\"elementor-element elementor-element-fa7c52b elementor-widget elementor-widget-text-editor\" data-id=\"fa7c52b\" data-element_type=\"widget\" data-e-type=\"widget\" data-widget_type=\"text-editor.default\">\n\t\t\t\t<div class=\"elementor-widget-container\">\n\t\t\t\t\t\t\t\t\t<p>Un essieu CV, ou essieu homocin\u00e9tique, est un arbre qui transf\u00e8re la puissance de la transmission aux roues d'un v\u00e9hicule \u00e0 suspension ind\u00e9pendante. Le co\u00fbt du remplacement d'un essieu CV peut varier en fonction de la marque et du mod\u00e8le du v\u00e9hicule, mais il se situe g\u00e9n\u00e9ralement entre 200 et 650 dollars pour les pi\u00e8ces et la main-d'\u0153uvre. Il est important de r\u00e9gler rapidement tout probl\u00e8me li\u00e9 \u00e0 l'essieu CV afin d'\u00e9viter d'endommager davantage la cha\u00eene cin\u00e9matique du v\u00e9hicule.<\/p>\t\t\t\t\t\t\t\t<\/div>\n\t\t\t\t<\/div>\n\t\t\t\t<\/div>\n\t\t\t\t<\/div>\n\t\t<div class=\"elementor-element elementor-element-8516394 e-con-full e-flex e-con e-child\" data-id=\"8516394\" data-element_type=\"container\" data-e-type=\"container\">\n\t\t<div class=\"elementor-element elementor-element-469ce87 e-con-full e-flex e-con e-child\" data-id=\"469ce87\" data-element_type=\"container\" data-e-type=\"container\">\n\t\t\t\t<div class=\"elementor-element elementor-element-44eb5d0 elementor-widget elementor-widget-image\" data-id=\"44eb5d0\" data-element_type=\"widget\" data-e-type=\"widget\" data-widget_type=\"image.default\">\n\t\t\t\t<div class=\"elementor-widget-container\">\n\t\t\t\t\t\t\t\t\t\t\t\t\t\t\t<img decoding=\"async\" width=\"2180\" height=\"360\" src=\"https:\/\/torkaxles.com\/wp-content\/uploads\/2024\/05\/taxle_axle.png\" class=\"attachment-full size-full wp-image-1163\" alt=\"\" srcset=\"https:\/\/torkaxles.com\/wp-content\/uploads\/2024\/05\/taxle_axle.png 2180w, https:\/\/torkaxles.com\/wp-content\/uploads\/2024\/05\/taxle_axle-300x50.png 300w, https:\/\/torkaxles.com\/wp-content\/uploads\/2024\/05\/taxle_axle-1024x169.png 1024w, https:\/\/torkaxles.com\/wp-content\/uploads\/2024\/05\/taxle_axle-768x127.png 768w, https:\/\/torkaxles.com\/wp-content\/uploads\/2024\/05\/taxle_axle-1536x254.png 1536w, https:\/\/torkaxles.com\/wp-content\/uploads\/2024\/05\/taxle_axle-2048x338.png 2048w, https:\/\/torkaxles.com\/wp-content\/uploads\/2024\/05\/taxle_axle-18x3.png 18w\" sizes=\"(max-width: 2180px) 100vw, 2180px\" \/>\t\t\t\t\t\t\t\t\t\t\t\t\t\t\t<\/div>\n\t\t\t\t<\/div>\n\t\t\t\t<div class=\"elementor-element elementor-element-30b321f elementor-view-default elementor-position-block-start elementor-mobile-position-block-start elementor-widget elementor-widget-icon-box\" data-id=\"30b321f\" data-element_type=\"widget\" data-e-type=\"widget\" data-widget_type=\"icon-box.default\">\n\t\t\t\t<div class=\"elementor-widget-container\">\n\t\t\t\t\t\t\t<div class=\"elementor-icon-box-wrapper\">\n\n\t\t\t\t\t\t<div class=\"elementor-icon-box-icon\">\n\t\t\t\t<a href=\"https:\/\/torkaxles.com\/wp-content\/uploads\/2024\/05\/cv_axle_installation_guide.pdf\" class=\"elementor-icon\" tabindex=\"-1\" aria-label=\"T\u00c9L\u00c9CHARGEZ LE GUIDE D&#039;INSTALLATION DE L&#039;ARBRE D&#039;ESSIEU (PDF)\">\n\t\t\t\t<svg aria-hidden=\"true\" class=\"e-font-icon-svg e-fas-file-pdf\" viewbox=\"0 0 384 512\" xmlns=\"http:\/\/www.w3.org\/2000\/svg\"><path d=\"M181.9 256.1c-5-16-4.9-46.9-2-46.9 8.4 0 7.6 36.9 2 46.9zm-1.7 47.2c-7.7 20.2-17.3 43.3-28.4 62.7 18.3-7 39-17.2 62.9-21.9-12.7-9.6-24.9-23.4-34.5-40.8zM86.1 428.1c0 .8 13.2-5.4 34.9-40.2-6.7 6.3-29.1 24.5-34.9 40.2zM248 160h136v328c0 13.3-10.7 24-24 24H24c-13.3 0-24-10.7-24-24V24C0 10.7 10.7 0 24 0h200v136c0 13.2 10.8 24 24 24zm-8 171.8c-20-12.2-33.3-29-42.7-53.8 4.5-18.5 11.6-46.6 6.2-64.2-4.7-29.4-42.4-26.5-47.8-6.8-5 18.3-.4 44.1 8.1 77-11.6 27.6-28.7 64.6-40.8 85.8-.1 0-.1.1-.2.1-27.1 13.9-73.6 44.5-54.5 68 5.6 6.9 16 10 21.5 10 17.9 0 35.7-18 61.1-61.8 25.8-8.5 54.1-19.1 79-23.2 21.7 11.8 47.1 19.5 64 19.5 29.2 0 31.2-32 19.7-43.4-13.9-13.6-54.3-9.7-73.6-7.2zM377 105L279 7c-4.5-4.5-10.6-7-17-7h-6v128h128v-6.1c0-6.3-2.5-12.4-7-16.9zm-74.1 255.3c4.1-2.7-2.5-11.9-42.8-9 37.1 15.8 42.8 9 42.8 9z\"><\/path><\/svg>\t\t\t\t<\/a>\n\t\t\t<\/div>\n\t\t\t\n\t\t\t\t\t\t<div class=\"elementor-icon-box-content\">\n\n\t\t\t\t\t\t\t\t\t<h3 class=\"elementor-icon-box-title\">\n\t\t\t\t\t\t<a href=\"https:\/\/torkaxles.com\/wp-content\/uploads\/2024\/05\/cv_axle_installation_guide.pdf\" >\n\t\t\t\t\t\t\tT\u00c9L\u00c9CHARGEZ LE GUIDE D'INSTALLATION DE L'ARBRE D'ESSIEU (PDF)\t\t\t\t\t\t<\/a>\n\t\t\t\t\t<\/h3>\n\t\t\t\t\n\t\t\t\t\n\t\t\t<\/div>\n\t\t\t\n\t\t<\/div>\n\t\t\t\t\t\t<\/div>\n\t\t\t\t<\/div>\n\t\t\t\t<div class=\"elementor-element elementor-element-e6026a7 elementor-widget elementor-widget-image\" data-id=\"e6026a7\" data-element_type=\"widget\" data-e-type=\"widget\" data-widget_type=\"image.default\">\n\t\t\t\t<div class=\"elementor-widget-container\">\n\t\t\t\t\t\t\t\t\t\t\t\t\t\t\t\t<a href=\"https:\/\/torkaxles.com\/wp-content\/uploads\/2024\/05\/cv_axle_installation_guide.pdf\">\n\t\t\t\t\t\t\t<img loading=\"lazy\" decoding=\"async\" width=\"1524\" height=\"1203\" src=\"https:\/\/torkaxles.com\/wp-content\/uploads\/2024\/05\/taxle_inst_gd.png\" class=\"attachment-full size-full wp-image-1159\" alt=\"\" srcset=\"https:\/\/torkaxles.com\/wp-content\/uploads\/2024\/05\/taxle_inst_gd.png 1524w, https:\/\/torkaxles.com\/wp-content\/uploads\/2024\/05\/taxle_inst_gd-300x237.png 300w, https:\/\/torkaxles.com\/wp-content\/uploads\/2024\/05\/taxle_inst_gd-1024x808.png 1024w, https:\/\/torkaxles.com\/wp-content\/uploads\/2024\/05\/taxle_inst_gd-768x606.png 768w, https:\/\/torkaxles.com\/wp-content\/uploads\/2024\/05\/taxle_inst_gd-15x12.png 15w\" sizes=\"(max-width: 1524px) 100vw, 1524px\" \/>\t\t\t\t\t\t\t\t<\/a>\n\t\t\t\t\t\t\t\t\t\t\t\t\t\t\t<\/div>\n\t\t\t\t<\/div>\n\t\t\t\t<\/div>\n\t\t\t\t<\/div>\n\t\t\t\t<\/div>\n\t\t\t\t\t<\/div>\n\t\t\t\t<\/div>\n\t\t<div class=\"elementor-element elementor-element-9282472 e-flex e-con-boxed e-con e-parent\" data-id=\"9282472\" data-element_type=\"container\" data-e-type=\"container\" data-settings=\"{&quot;background_background&quot;:&quot;classic&quot;}\">\n\t\t\t\t\t<div class=\"e-con-inner\">\n\t\t<div class=\"elementor-element elementor-element-157643a e-con-full e-flex e-con e-child\" data-id=\"157643a\" data-element_type=\"container\" data-e-type=\"container\">\n\t\t\t\t<div class=\"elementor-element elementor-element-7a6e37f elementor-widget__width-auto elementor-widget elementor-widget-heading\" data-id=\"7a6e37f\" data-element_type=\"widget\" data-e-type=\"widget\" data-widget_type=\"heading.default\">\n\t\t\t\t<div class=\"elementor-widget-container\">\n\t\t\t\t\t<h5 class=\"elementor-heading-title elementor-size-default\">Nous sommes tr\u00e8s fiers de servir les Canadiens depuis plus de 50 ans !<\/h5>\t\t\t\t<\/div>\n\t\t\t\t<\/div>\n\t\t\t\t<div class=\"elementor-element elementor-element-c1c6715 elementor-widget__width-auto elementor-mobile-align-center elementor-widget elementor-widget-button\" data-id=\"c1c6715\" data-element_type=\"widget\" data-e-type=\"widget\" data-widget_type=\"button.default\">\n\t\t\t\t<div class=\"elementor-widget-container\">\n\t\t\t\t\t\t\t\t\t<div class=\"elementor-button-wrapper\">\n\t\t\t\t\t<a class=\"elementor-button elementor-button-link elementor-size-sm\" href=\"#\">\n\t\t\t\t\t\t<span class=\"elementor-button-content-wrapper\">\n\t\t\t\t\t\t\t\t\t<span class=\"elementor-button-text\">Appelez le 1-800-263-0924<\/span>\n\t\t\t\t\t<\/span>\n\t\t\t\t\t<\/a>\n\t\t\t\t<\/div>\n\t\t\t\t\t\t\t\t<\/div>\n\t\t\t\t<\/div>\n\t\t\t\t<\/div>\n\t\t\t\t\t<\/div>\n\t\t\t\t<\/div>\n\t\t\t\t<\/div>","protected":false},"excerpt":{"rendered":"<p>58-62 HRC Steel Rockwell Hardness Tested at 58-62 HRC 58-62 HRC resistant steel refers to steel that has a Rockwell Hardness of 58-62, making it incredibly hard and durable. This type of steel is commonly used in heavy-duty auto parts due to its high wear and abrasion resistance, toughness, and ability to handle high impact [&hellip;]<\/p>\n","protected":false},"author":1,"featured_media":0,"parent":0,"menu_order":0,"comment_status":"closed","ping_status":"closed","template":"","meta":{"site-sidebar-layout":"no-sidebar","site-content-layout":"page-builder","ast-site-content-layout":"default","site-content-style":"default","site-sidebar-style":"default","ast-global-header-display":"","ast-banner-title-visibility":"","ast-main-header-display":"","ast-hfb-above-header-display":"","ast-hfb-below-header-display":"","ast-hfb-mobile-header-display":"","site-post-title":"disabled","ast-breadcrumbs-content":"disabled","ast-featured-img":"disabled","footer-sml-layout":"","ast-disable-related-posts":"","theme-transparent-header-meta":"default","adv-header-id-meta":"","stick-header-meta":"","header-above-stick-meta":"","header-main-stick-meta":"","header-below-stick-meta":"","astra-migrate-meta-layouts":"default","ast-page-background-enabled":"default","ast-page-background-meta":{"desktop":{"background-color":"","background-image":"","background-repeat":"repeat","background-position":"center center","background-size":"auto","background-attachment":"scroll","background-type":"","background-media":"","overlay-type":"","overlay-color":"","overlay-opacity":"","overlay-gradient":""},"tablet":{"background-color":"","background-image":"","background-repeat":"repeat","background-position":"center center","background-size":"auto","background-attachment":"scroll","background-type":"","background-media":"","overlay-type":"","overlay-color":"","overlay-opacity":"","overlay-gradient":""},"mobile":{"background-color":"","background-image":"","background-repeat":"repeat","background-position":"center center","background-size":"auto","background-attachment":"scroll","background-type":"","background-media":"","overlay-type":"","overlay-color":"","overlay-opacity":"","overlay-gradient":""}},"ast-content-background-meta":{"desktop":{"background-color":"var(--ast-global-color-5)","background-image":"","background-repeat":"repeat","background-position":"center center","background-size":"auto","background-attachment":"scroll","background-type":"","background-media":"","overlay-type":"","overlay-color":"","overlay-opacity":"","overlay-gradient":""},"tablet":{"background-color":"var(--ast-global-color-5)","background-image":"","background-repeat":"repeat","background-position":"center center","background-size":"auto","background-attachment":"scroll","background-type":"","background-media":"","overlay-type":"","overlay-color":"","overlay-opacity":"","overlay-gradient":""},"mobile":{"background-color":"var(--ast-global-color-5)","background-image":"","background-repeat":"repeat","background-position":"center center","background-size":"auto","background-attachment":"scroll","background-type":"","background-media":"","overlay-type":"","overlay-color":"","overlay-opacity":"","overlay-gradient":""}},"footnotes":""},"class_list":["post-841","page","type-page","status-publish","hentry"],"_links":{"self":[{"href":"http:\/\/torkaxles.com\/fr\/wp-json\/wp\/v2\/pages\/841","targetHints":{"allow":["GET"]}}],"collection":[{"href":"http:\/\/torkaxles.com\/fr\/wp-json\/wp\/v2\/pages"}],"about":[{"href":"http:\/\/torkaxles.com\/fr\/wp-json\/wp\/v2\/types\/page"}],"author":[{"embeddable":true,"href":"http:\/\/torkaxles.com\/fr\/wp-json\/wp\/v2\/users\/1"}],"replies":[{"embeddable":true,"href":"http:\/\/torkaxles.com\/fr\/wp-json\/wp\/v2\/comments?post=841"}],"version-history":[{"count":98,"href":"http:\/\/torkaxles.com\/fr\/wp-json\/wp\/v2\/pages\/841\/revisions"}],"predecessor-version":[{"id":1299,"href":"http:\/\/torkaxles.com\/fr\/wp-json\/wp\/v2\/pages\/841\/revisions\/1299"}],"wp:attachment":[{"href":"http:\/\/torkaxles.com\/fr\/wp-json\/wp\/v2\/media?parent=841"}],"curies":[{"name":"wp","href":"https:\/\/api.w.org\/{rel}","templated":true}]}}